{"id":2487,"date":"2016-03-04T12:44:28","date_gmt":"2016-03-04T12:44:28","guid":{"rendered":"http:\/\/192.168.0.150\/user5\/WORDPRESS\/demo\/WCM010005\/product\/pellen-tesque-aliquet\/"},"modified":"2026-04-24T14:14:22","modified_gmt":"2026-04-24T14:14:22","slug":"carabinero","status":"publish","type":"product","link":"https:\/\/mariscosdiaz.es\/index.php\/producto\/carabinero\/","title":{"rendered":"Carabinero"},"content":{"rendered":"<p><strong>Nombre cient\u00edfico: Pleisopenaeus edwardssianus<\/strong><\/p>\n<p>Es un crust\u00e1ceo dec\u00e1podo de la familia de los palem\u00f3nidos. Uno de los aspectos m\u00e1s caracter\u00edsticos del carabinero es su color: rojo oscuro intenso, m\u00e1s fuerte en la cabeza y en el final de la cola. Su cuerpo es aplanado lateralmente y su rostro alargado, convexo en su base y dirigido ligeramente hacia arriba. Habita en los fondos de arena y fango del talud continental a profundidades que oscilan entre los 500 y 2.000 metros.<\/p>\n<p>Es un buen nadador y realiza importantes migraciones. Su dieta b\u00e1sica est\u00e1 compuesta de restos org\u00e1nicos, plancton y algas. Puede llegar a medir hasta 40 cms., aunque normalmente los ejemplares capturados no pasan de los 25 cms.<\/p>\n","protected":false},"excerpt":{"rendered":"<p><em>Tambi\u00e9n conocidos como \u201cbrillantes\u201d, los carabineros, m\u00e1s grandes que las gambas y langostinos, son todo un espect\u00e1culo a la vista y al paladar. De cuerpo alto y aplastado lateralmente que puede alcanzar los 25 cent\u00edmetros y llamativos por su color rojo oscuro. Son muy sabrosos y le dan un toque especial a todo tipo de platos, como los arroces, muy valorados tambi\u00e9n para degustar a la plancha.\u00a0<\/em><\/p>\n<p>El\u00a0<strong>carabinero o brillante<\/strong>\u00a0es uno de los crust\u00e1ceos m\u00e1s demandados dentro de nuestro pa\u00eds por su exquisito sabor y la calidad de su carne.<\/p>\n","protected":false},"featured_media":9284,"comment_status":"open","ping_status":"closed","template":"","meta":{"_monsterinsights_skip_tracking":false,"_monsterinsights_sitenote_active":false,"_monsterinsights_sitenote_note":"","_monsterinsights_sitenote_category":0},"product_brand":[],"product_cat":[38],"product_tag":[],"class_list":{"0":"post-2487","1":"product","2":"type-product","3":"status-publish","4":"has-post-thumbnail","6":"product_cat-crustaceos","9":"first","10":"instock","11":"featured","12":"taxable","13":"shipping-taxable","14":"purchasable","15":"product-type-variable"},"yoast_head":"<!-- This site is optimized with the Yoast SEO plugin v27.5 - https:\/\/yoast.com\/product\/yoast-seo-wordpress\/ -->\n<title>Carabinero - Mariscos D\u00edaz<\/title>\n<meta name=\"robots\" content=\"index, follow, max-snippet:-1, max-image-preview:large, max-video-preview:-1\" \/>\n<link rel=\"canonical\" href=\"https:\/\/mariscosdiaz.es\/index.php\/producto\/carabinero\/\" \/>\n<meta property=\"og:locale\" content=\"es_ES\" \/>\n<meta property=\"og:type\" content=\"article\" \/>\n<meta property=\"og:title\" content=\"Carabinero - Mariscos D\u00edaz\" \/>\n<meta property=\"og:description\" content=\"Tambi\u00e9n conocidos como \u201cbrillantes\u201d, los carabineros, m\u00e1s grandes que las gambas y langostinos, son todo un espect\u00e1culo a la vista y al paladar. De cuerpo alto y aplastado lateralmente que puede alcanzar los 25 cent\u00edmetros y llamativos por su color rojo oscuro. Son muy sabrosos y le dan un toque especial a todo tipo de platos, como los arroces, muy valorados tambi\u00e9n para degustar a la plancha.\u00a0  El\u00a0carabinero o brillante\u00a0es uno de los crust\u00e1ceos m\u00e1s demandados dentro de nuestro pa\u00eds por su exquisito sabor y la calidad de su carne.\" \/>\n<meta property=\"og:url\" content=\"https:\/\/mariscosdiaz.es\/index.php\/producto\/carabinero\/\" \/>\n<meta property=\"og:site_name\" content=\"Mariscos D\u00edaz\" \/>\n<meta property=\"article:modified_time\" content=\"2026-04-24T14:14:22+00:00\" \/>\n<meta property=\"og:image\" content=\"https:\/\/mariscosdiaz.es\/wp-content\/uploads\/2016\/03\/Carabineros-1.jpeg\" \/>\n\t<meta property=\"og:image:width\" content=\"1080\" \/>\n\t<meta property=\"og:image:height\" content=\"1444\" \/>\n\t<meta property=\"og:image:type\" content=\"image\/jpeg\" \/>\n<meta name=\"twitter:card\" content=\"summary_large_image\" \/>\n<meta name=\"twitter:label1\" content=\"Tiempo de lectura\" \/>\n\t<meta name=\"twitter:data1\" content=\"1 minuto\" \/>\n<script type=\"application\/ld+json\" class=\"yoast-schema-graph\">{\"@context\":\"https:\\\/\\\/schema.org\",\"@graph\":[{\"@type\":\"WebPage\",\"@id\":\"https:\\\/\\\/mariscosdiaz.es\\\/index.php\\\/producto\\\/carabinero\\\/\",\"url\":\"https:\\\/\\\/mariscosdiaz.es\\\/index.php\\\/producto\\\/carabinero\\\/\",\"name\":\"Carabinero - Mariscos D\u00edaz\",\"isPartOf\":{\"@id\":\"https:\\\/\\\/mariscosdiaz.es\\\/#website\"},\"primaryImageOfPage\":{\"@id\":\"https:\\\/\\\/mariscosdiaz.es\\\/index.php\\\/producto\\\/carabinero\\\/#primaryimage\"},\"image\":{\"@id\":\"https:\\\/\\\/mariscosdiaz.es\\\/index.php\\\/producto\\\/carabinero\\\/#primaryimage\"},\"thumbnailUrl\":\"https:\\\/\\\/mariscosdiaz.es\\\/wp-content\\\/uploads\\\/2016\\\/03\\\/Carabineros-1.jpeg\",\"datePublished\":\"2016-03-04T12:44:28+00:00\",\"dateModified\":\"2026-04-24T14:14:22+00:00\",\"breadcrumb\":{\"@id\":\"https:\\\/\\\/mariscosdiaz.es\\\/index.php\\\/producto\\\/carabinero\\\/#breadcrumb\"},\"inLanguage\":\"es\",\"potentialAction\":[{\"@type\":\"ReadAction\",\"target\":[\"https:\\\/\\\/mariscosdiaz.es\\\/index.php\\\/producto\\\/carabinero\\\/\"]}]},{\"@type\":\"ImageObject\",\"inLanguage\":\"es\",\"@id\":\"https:\\\/\\\/mariscosdiaz.es\\\/index.php\\\/producto\\\/carabinero\\\/#primaryimage\",\"url\":\"https:\\\/\\\/mariscosdiaz.es\\\/wp-content\\\/uploads\\\/2016\\\/03\\\/Carabineros-1.jpeg\",\"contentUrl\":\"https:\\\/\\\/mariscosdiaz.es\\\/wp-content\\\/uploads\\\/2016\\\/03\\\/Carabineros-1.jpeg\",\"width\":1080,\"height\":1444,\"caption\":\"Carabineros\"},{\"@type\":\"BreadcrumbList\",\"@id\":\"https:\\\/\\\/mariscosdiaz.es\\\/index.php\\\/producto\\\/carabinero\\\/#breadcrumb\",\"itemListElement\":[{\"@type\":\"ListItem\",\"position\":1,\"name\":\"Home\",\"item\":\"https:\\\/\\\/mariscosdiaz.es\\\/\"},{\"@type\":\"ListItem\",\"position\":2,\"name\":\"Tienda\",\"item\":\"https:\\\/\\\/mariscosdiaz.es\\\/index.php\\\/tienda\\\/\"},{\"@type\":\"ListItem\",\"position\":3,\"name\":\"Carabinero\"}]},{\"@type\":\"WebSite\",\"@id\":\"https:\\\/\\\/mariscosdiaz.es\\\/#website\",\"url\":\"https:\\\/\\\/mariscosdiaz.es\\\/\",\"name\":\"Mariscos D\u00edaz\",\"description\":\"\",\"publisher\":{\"@id\":\"https:\\\/\\\/mariscosdiaz.es\\\/#organization\"},\"potentialAction\":[{\"@type\":\"SearchAction\",\"target\":{\"@type\":\"EntryPoint\",\"urlTemplate\":\"https:\\\/\\\/mariscosdiaz.es\\\/?s={search_term_string}\"},\"query-input\":{\"@type\":\"PropertyValueSpecification\",\"valueRequired\":true,\"valueName\":\"search_term_string\"}}],\"inLanguage\":\"es\"},{\"@type\":\"Organization\",\"@id\":\"https:\\\/\\\/mariscosdiaz.es\\\/#organization\",\"name\":\"Mariscos D\u00edaz\",\"url\":\"https:\\\/\\\/mariscosdiaz.es\\\/\",\"logo\":{\"@type\":\"ImageObject\",\"inLanguage\":\"es\",\"@id\":\"https:\\\/\\\/mariscosdiaz.es\\\/#\\\/schema\\\/logo\\\/image\\\/\",\"url\":\"https:\\\/\\\/mariscosdiaz.es\\\/wp-content\\\/uploads\\\/2023\\\/01\\\/logo_cabec_name.png\",\"contentUrl\":\"https:\\\/\\\/mariscosdiaz.es\\\/wp-content\\\/uploads\\\/2023\\\/01\\\/logo_cabec_name.png\",\"width\":337,\"height\":90,\"caption\":\"Mariscos D\u00edaz\"},\"image\":{\"@id\":\"https:\\\/\\\/mariscosdiaz.es\\\/#\\\/schema\\\/logo\\\/image\\\/\"}}]}<\/script>\n<!-- \/ Yoast SEO plugin. -->","yoast_head_json":{"title":"Carabinero - Mariscos D\u00edaz","robots":{"index":"index","follow":"follow","max-snippet":"max-snippet:-1","max-image-preview":"max-image-preview:large","max-video-preview":"max-video-preview:-1"},"canonical":"https:\/\/mariscosdiaz.es\/index.php\/producto\/carabinero\/","og_locale":"es_ES","og_type":"article","og_title":"Carabinero - Mariscos D\u00edaz","og_description":"Tambi\u00e9n conocidos como \u201cbrillantes\u201d, los carabineros, m\u00e1s grandes que las gambas y langostinos, son todo un espect\u00e1culo a la vista y al paladar. De cuerpo alto y aplastado lateralmente que puede alcanzar los 25 cent\u00edmetros y llamativos por su color rojo oscuro. Son muy sabrosos y le dan un toque especial a todo tipo de platos, como los arroces, muy valorados tambi\u00e9n para degustar a la plancha.\u00a0  El\u00a0carabinero o brillante\u00a0es uno de los crust\u00e1ceos m\u00e1s demandados dentro de nuestro pa\u00eds por su exquisito sabor y la calidad de su carne.","og_url":"https:\/\/mariscosdiaz.es\/index.php\/producto\/carabinero\/","og_site_name":"Mariscos D\u00edaz","article_modified_time":"2026-04-24T14:14:22+00:00","og_image":[{"width":1080,"height":1444,"url":"https:\/\/mariscosdiaz.es\/wp-content\/uploads\/2016\/03\/Carabineros-1.jpeg","type":"image\/jpeg"}],"twitter_card":"summary_large_image","twitter_misc":{"Tiempo de lectura":"1 minuto"},"schema":{"@context":"https:\/\/schema.org","@graph":[{"@type":"WebPage","@id":"https:\/\/mariscosdiaz.es\/index.php\/producto\/carabinero\/","url":"https:\/\/mariscosdiaz.es\/index.php\/producto\/carabinero\/","name":"Carabinero - Mariscos D\u00edaz","isPartOf":{"@id":"https:\/\/mariscosdiaz.es\/#website"},"primaryImageOfPage":{"@id":"https:\/\/mariscosdiaz.es\/index.php\/producto\/carabinero\/#primaryimage"},"image":{"@id":"https:\/\/mariscosdiaz.es\/index.php\/producto\/carabinero\/#primaryimage"},"thumbnailUrl":"https:\/\/mariscosdiaz.es\/wp-content\/uploads\/2016\/03\/Carabineros-1.jpeg","datePublished":"2016-03-04T12:44:28+00:00","dateModified":"2026-04-24T14:14:22+00:00","breadcrumb":{"@id":"https:\/\/mariscosdiaz.es\/index.php\/producto\/carabinero\/#breadcrumb"},"inLanguage":"es","potentialAction":[{"@type":"ReadAction","target":["https:\/\/mariscosdiaz.es\/index.php\/producto\/carabinero\/"]}]},{"@type":"ImageObject","inLanguage":"es","@id":"https:\/\/mariscosdiaz.es\/index.php\/producto\/carabinero\/#primaryimage","url":"https:\/\/mariscosdiaz.es\/wp-content\/uploads\/2016\/03\/Carabineros-1.jpeg","contentUrl":"https:\/\/mariscosdiaz.es\/wp-content\/uploads\/2016\/03\/Carabineros-1.jpeg","width":1080,"height":1444,"caption":"Carabineros"},{"@type":"BreadcrumbList","@id":"https:\/\/mariscosdiaz.es\/index.php\/producto\/carabinero\/#breadcrumb","itemListElement":[{"@type":"ListItem","position":1,"name":"Home","item":"https:\/\/mariscosdiaz.es\/"},{"@type":"ListItem","position":2,"name":"Tienda","item":"https:\/\/mariscosdiaz.es\/index.php\/tienda\/"},{"@type":"ListItem","position":3,"name":"Carabinero"}]},{"@type":"WebSite","@id":"https:\/\/mariscosdiaz.es\/#website","url":"https:\/\/mariscosdiaz.es\/","name":"Mariscos D\u00edaz","description":"","publisher":{"@id":"https:\/\/mariscosdiaz.es\/#organization"},"potentialAction":[{"@type":"SearchAction","target":{"@type":"EntryPoint","urlTemplate":"https:\/\/mariscosdiaz.es\/?s={search_term_string}"},"query-input":{"@type":"PropertyValueSpecification","valueRequired":true,"valueName":"search_term_string"}}],"inLanguage":"es"},{"@type":"Organization","@id":"https:\/\/mariscosdiaz.es\/#organization","name":"Mariscos D\u00edaz","url":"https:\/\/mariscosdiaz.es\/","logo":{"@type":"ImageObject","inLanguage":"es","@id":"https:\/\/mariscosdiaz.es\/#\/schema\/logo\/image\/","url":"https:\/\/mariscosdiaz.es\/wp-content\/uploads\/2023\/01\/logo_cabec_name.png","contentUrl":"https:\/\/mariscosdiaz.es\/wp-content\/uploads\/2023\/01\/logo_cabec_name.png","width":337,"height":90,"caption":"Mariscos D\u00edaz"},"image":{"@id":"https:\/\/mariscosdiaz.es\/#\/schema\/logo\/image\/"}}]}},"jetpack_sharing_enabled":true,"_links":{"self":[{"href":"https:\/\/mariscosdiaz.es\/index.php\/wp-json\/wp\/v2\/product\/2487","targetHints":{"allow":["GET"]}}],"collection":[{"href":"https:\/\/mariscosdiaz.es\/index.php\/wp-json\/wp\/v2\/product"}],"about":[{"href":"https:\/\/mariscosdiaz.es\/index.php\/wp-json\/wp\/v2\/types\/product"}],"replies":[{"embeddable":true,"href":"https:\/\/mariscosdiaz.es\/index.php\/wp-json\/wp\/v2\/comments?post=2487"}],"wp:featuredmedia":[{"embeddable":true,"href":"https:\/\/mariscosdiaz.es\/index.php\/wp-json\/wp\/v2\/media\/9284"}],"wp:attachment":[{"href":"https:\/\/mariscosdiaz.es\/index.php\/wp-json\/wp\/v2\/media?parent=2487"}],"wp:term":[{"taxonomy":"product_brand","embeddable":true,"href":"https:\/\/mariscosdiaz.es\/index.php\/wp-json\/wp\/v2\/product_brand?post=2487"},{"taxonomy":"product_cat","embeddable":true,"href":"https:\/\/mariscosdiaz.es\/index.php\/wp-json\/wp\/v2\/product_cat?post=2487"},{"taxonomy":"product_tag","embeddable":true,"href":"https:\/\/mariscosdiaz.es\/index.php\/wp-json\/wp\/v2\/product_tag?post=2487"}],"curies":[{"name":"wp","href":"https:\/\/api.w.org\/{rel}","templated":true}]}}