{"id":9410,"date":"2023-02-12T11:25:11","date_gmt":"2023-02-12T11:25:11","guid":{"rendered":"https:\/\/web.mariscosdiaz.es\/?page_id=9410"},"modified":"2023-02-12T11:25:25","modified_gmt":"2023-02-12T11:25:25","slug":"aviso-legal","status":"publish","type":"page","link":"https:\/\/mariscosdiaz.es\/index.php\/aviso-legal\/","title":{"rendered":"Aviso Legal"},"content":{"rendered":"<section class=\"wpb-content-wrapper\"><p>[vc_row][vc_column][vc_column_text]<strong>1. DATOS IDENTIFICATIVOS:<\/strong> Cumpliendo con el deber de informaci\u00f3n que se recoge en art\u00edculo 10 de la Ley 34\/2002, de 11 de julio, de Servicios de la Sociedad de la Informaci\u00f3n y del Comercio Electr\u00f3nico, a continuaci\u00f3n se reflejan los siguientes datos:<\/p>\n<p>La empresa titular del dominio web es Francisco D\u00edaz V\u00e1zquez, Mariscos D\u00edaz , con domicilio a estos efectos en Calle San Francisco, 35 de Isla Cristina, con C.I.F.: 29471229H e inscrita en el Registro Mercantil de Huelva, Diario 78 , Asiento 562, Tomo 995, Folio 110, Inscripci\u00f3n 1\u00aa , Hoja H-20504-H. Correo electr\u00f3nico de contacto: info@mariscosdiaz.es<\/p>\n<p><strong>2. USUARIOS:<\/strong> El acceso y\/o uso de este portal de www.mariscosdiaz.es atribuye la condici\u00f3n de USUARIO, aceptando, desde dicho acceso y\/o uso, las Condiciones Generales de Uso aqu\u00ed reflejadas. \u00c9stas condiciones ser\u00e1n de aplicaci\u00f3n independientemente de las Condiciones Generales de Contrataci\u00f3n (que en su caso resulten de obligado cumplimiento).<\/p>\n<p><strong>3. USO DEL PORTAL:<\/strong> Indicar dominio proporciona el acceso a contenidos (servicios, informaciones, programas o datos ) en Internet pertenecientes a Francisci D\u00edaz V\u00e1zquez, Mariscos D\u00edaz o a sus licenciantes a los que el USUARIO pueda tener acceso. El USUARIO es responsable del uso del portal. Dicha responsabilidad se extiende al registro necesario para acceder a determinados servicios o contenidos.<br \/>\nEn \u00e9ste registro, el USUARIO ser\u00e1 responsable de aportar informaci\u00f3n veraz y l\u00edcita. Una vez registrado, al USUARIO se le podr\u00e1 proporcionar una contrase\u00f1a de la cual ser\u00e1 responsable, comprometi\u00e9ndose a hacer un uso diligente y confidencial de la misma. El USUARIO se compromete a hacer un uso adecuado de los contenidos y servicios (por ejemplo en servicios de chat, foros de discusi\u00f3n o grupos de noticias) que Francisco D\u00edaz V\u00e1zquez, Mariscos D\u00edaz pueda ofrecer en su portal y con car\u00e1cter enunciativo pero no limitativo, a no utilizarlos para: (1) incurrir en actividades il\u00edcitas, ilegales o contrarias a la buena fe y al orden p\u00fablico; (2) difundir contenidos o propaganda de car\u00e1cter racista, xen\u00f3fobo, pornogr\u00e1fico, ilegal, de apolog\u00eda del terrorismo o atentatorio contra los derechos humanos; (3) provocar da\u00f1os en los sistemas f\u00edsicos y l\u00f3gicos de Francisco D\u00edaz V\u00e1zquez, Mariscos D\u00edaz , de sus proveedores o de terceras personas, introducir o difundir en la red virus inform\u00e1ticos o cualesquiera otros sistemas f\u00edsicos o l\u00f3gicos que puedan provocar los da\u00f1os anteriormente mencionados; (4) intentar acceder y\/o utilizar las cuentas de correo electr\u00f3nico de otros usuarios y modificar o manipular sus mensajes. Francisco D\u00edaz V\u00e1zquez, Mariscos D\u00edaz se reserva el derecho de retirar cualquier comentario o aportaci\u00f3n que vulnere el respeto a la dignidad de la persona, que sean discriminatorios, xen\u00f3fobos, racistas, pornogr\u00e1ficos, que atenten contra la juventud o la infancia, el orden o la seguridad p\u00fablica o que, a su juicio, no resultaran adecuados para su publicaci\u00f3n. En cualquier caso, Francisco D\u00edaz V\u00e1zquez, Mariscos D\u00edaz no ser\u00e1 responsable de las opiniones vertidas por los usuarios a trav\u00e9s de los foros, chats, u otras herramientas de participaci\u00f3n.<\/p>\n<p><strong>4. PROTECCI\u00d3N DE DATOS<\/strong>: Francisco D\u00edaz V\u00e1zquez, Mariscos D\u00edaz cumple con las directrices de la Ley Org\u00e1nica 15\/1999 de 13 de diciembre de Protecci\u00f3n de Datos de Car\u00e1cter Personal, el Real Decreto 1720\/2007 de 21 de diciembre por el que se aprueba el Reglamento de desarrollo de la Ley Org\u00e1nica y dem\u00e1s normativa vigente en cada momento, y vela por garantizar un correcto uso y tratamiento de los datos personales del usuario. Consulta nuestra Pol\u00edtica de Privacidad.<\/p>\n<p>Francisco D\u00edaz V\u00e1zquez, Mariscos D\u00edaz da cumplimiento a la Ley 34\/2002 de 11 de julio, de Servicios de la Sociedad de la Informaci\u00f3n y el Comercio Electr\u00f3nico y le solicitar\u00e1 su consentimiento al tratamiento de su correo electr\u00f3nico con fines comerciales en cada momento.<\/p>\n<p><strong>5. PROPIEDAD INTELECTUAL E INDUSTRIAL:<\/strong> Francisco D\u00edaz V\u00e1zquez, Mariscos D\u00edaz por s\u00ed o como cesionaria, es titular de todos los derechos de propiedad intelectual e industrial de su p\u00e1gina web, incluyendo los elementos contenidos en ella ( im\u00e1genes, sonido, audio, v\u00eddeo, software o textos; marcas o logotipos, combinaciones de colores, estructura y dise\u00f1o, selecci\u00f3n de materiales usados, programas de ordenador necesarios para su funcionamiento, acceso y uso, etc.), titularidad de Francisci D\u00edaz V\u00e1zquez, Mariscos D\u00edaz o bien de sus licenciantes. Todos los derechos reservados. En virtud de lo dispuesto en los art\u00edculos 8 y 32.1, p\u00e1rrafo segundo, de la Ley de Propiedad Intelectual, quedan expresamente prohibidas la reproducci\u00f3n, la distribuci\u00f3n y la comunicaci\u00f3n p\u00fablica, incluida su modalidad de puesta a disposici\u00f3n, de la totalidad o parte de los contenidos de esta p\u00e1gina web, con fines comerciales, en cualquier soporte y por cualquier medio t\u00e9cnico, sin la autorizaci\u00f3n de Francisci D\u00edaz V\u00e1zquez, Mariscos D\u00edaz El USUARIO se compromete a respetar los derechos de Propiedad Intelectual e Industrial titularidad de Francisci D\u00edaz V\u00e1zquez, Mariscos D\u00edaz Podr\u00e1 visualizar los elementos del portal e incluso imprimirlos, copiarlos y almacenarlos en el disco duro de su ordenador o en cualquier otro soporte f\u00edsico siempre y cuando sea, \u00fanica y exclusivamente, para su uso personal y privado. El USUARIO no podr\u00e1 suprimir, alterar, eludir o manipular cualquier dispositivo de protecci\u00f3n o sistema de seguridad que estuviera instalado en las p\u00e1ginas de Francisci D\u00edaz V\u00e1zquez, Mariscos D\u00edaz<\/p>\n<p><strong>6. EXCLUSI\u00d3N DE GARANT\u00cdAS Y RESPONSABILIDAD:<\/strong> Francisco D\u00edaz V\u00e1zquez, Mariscos D\u00edaz no se hace responsable, en ning\u00fan caso, de los da\u00f1os y perjuicios de cualquier naturaleza que pudieran ocasionar, a t\u00edtulo enunciativo: errores u omisiones en los contenidos, falta de disponibilidad del portal o la transmisi\u00f3n de virus o programas maliciosos o lesivos en los contenidos, a pesar de haber adoptado todas las medidas tecnol\u00f3gicas necesarias para evitarlo.<\/p>\n<p><strong>7. MODIFICACIONES:<\/strong> Francisco D\u00edaz V\u00e1zquez, Mariscos D\u00edaz se reserva el derecho de efectuar sin previo aviso las modificaciones que considere oportunas en su portal, pudiendo cambiar, suprimir o a\u00f1adir tanto los contenidos y servicios que se presten a trav\u00e9s de la misma como la forma en la que \u00e9stos aparezcan presentados o localizados en su portal.<\/p>\n<p><strong>8. ENLACES:<\/strong> En el caso de que en nombre del dominio se dispusiesen enlaces o hiperv\u00ednculos hacia otros sitios de Internet, Francisco D\u00edaz V\u00e1zquez, Mariscos D\u00edaz no ejercer\u00e1 ning\u00fan tipo de control sobre dichos sitios y contenidos. En ning\u00fan caso Francisco D\u00edaz V\u00e1zquez, Mariscos D\u00edaz asumir\u00e1 responsabilidad alguna por los contenidos de alg\u00fan enlace perteneciente a un sitio web ajeno, ni garantizar\u00e1 la disponibilidad t\u00e9cnica, calidad, fiabilidad, exactitud, amplitud, veracidad, validez y constitucionalidad de cualquier material o informaci\u00f3n contenida en ninguno de dichos hiperv\u00ednculos u otros sitios de Internet. Igualmente la inclusi\u00f3n de estas conexiones externas no implicar\u00e1 ning\u00fan tipo de asociaci\u00f3n, fusi\u00f3n o participaci\u00f3n con las entidades conectadas.<\/p>\n<p><strong>9. DERECHO DE EXCLUSI\u00d3N:<\/strong> Francisco D\u00edaz V\u00e1zquez, Mariscos D\u00edaz se reserva el derecho a denegar o retirar el acceso a portal y\/o los servicios ofrecidos sin preaviso, a instancia propia o de un tercero, a aquellos usuarios que incumplan las presentes Condiciones Generales de Uso.<\/p>\n<p><strong>10. GENERALIDADES:<\/strong> Francisco D\u00edaz V\u00e1zquez, Mariscos D\u00edaz perseguir\u00e1 el incumplimiento de las presentes condiciones as\u00ed como cualquier utilizaci\u00f3n indebida de su portal ejerciendo todas las acciones civiles y penales que le puedan corresponder en derecho.<\/p>\n<p><strong>11. MODIFICACI\u00d3N DE LAS PRESENTES CONDICIONES Y DURACI\u00d3N:<\/strong> Francisco D\u00edaz V\u00e1zquez, Mariscos D\u00edaz podr\u00e1 modificar en cualquier momento las condiciones aqu\u00ed determinadas, siendo debidamente publicadas como aqu\u00ed aparecen.<br \/>\nLa vigencia de \u00e9stas condiciones ir\u00e1 en funci\u00f3n de su exposici\u00f3n, estando vigentes hasta que sean modificadas por otras debidamente publicadas.<\/p>\n<p><strong>12. LEGISLACI\u00d3N APLICABLE Y JURISDICCI\u00d3N:<\/strong> La relaci\u00f3n entre Francisco D\u00edaz V\u00e1zquez, Mariscos D\u00edaz y el USUARIO se regir\u00e1 por la normativa espa\u00f1ola vigente y cualquier controversia se someter\u00e1 a los Juzgados y tribunales de la ciudad de Huelva.<\/p>\n<p>\u00daltima actualizaci\u00f3n: 29 de Noviembre del 2022.[\/vc_column_text][\/vc_column][\/vc_row]<\/p>\n<\/section>","protected":false},"excerpt":{"rendered":"<p>[vc_row][vc_column][vc_column_text]1. DATOS IDENTIFICATIVOS: Cumpliendo con el deber de informaci\u00f3n que se recoge en art\u00edculo 10 de la Ley 34\/2002, de 11 de julio, de Servicios de la Sociedad de la Informaci\u00f3n y del Comercio Electr\u00f3nico, a continuaci\u00f3n se reflejan los siguientes datos: La empresa titular del dominio web es Francisco D\u00edaz V\u00e1zquez, Mariscos D\u00edaz , con domicilio a estos efectos en Calle San Francisco, 35 de Isla Cristina, con C.I.F.: 29471229H e inscrita en el Registro Mercantil de Huelva, Diario 78 , Asiento 562, Tomo 995, Folio 110, Inscripci\u00f3n 1\u00aa , Hoja H-20504-H. Correo electr\u00f3nico de contacto: info@mariscosdiaz.es 2. USUARIOS: El acceso y\/o uso de este portal de www.mariscosdiaz.es atribuye la condici\u00f3n de USUARIO, aceptando, desde dicho acceso y\/o uso, las Condiciones Generales de Uso aqu\u00ed reflejadas. \u00c9stas condiciones ser\u00e1n de aplicaci\u00f3n independientemente de las Condiciones Generales de Contrataci\u00f3n (que en su caso resulten de obligado cumplimiento). 3. USO DEL PORTAL: Indicar dominio proporciona el acceso a contenidos (servicios, informaciones, programas o datos ) en Internet pertenecientes a Francisci D\u00edaz V\u00e1zquez, Mariscos D\u00edaz o a sus licenciantes a los que el USUARIO pueda tener acceso. El USUARIO es responsable del uso del portal. Dicha responsabilidad se extiende al registro necesario&hellip; <a class=\"read-more-link\" href=\"https:\/\/mariscosdiaz.es\/index.php\/aviso-legal\/\">Leer m\u00e1s<\/a><\/p>\n","protected":false},"author":2,"featured_media":0,"parent":0,"menu_order":0,"comment_status":"closed","ping_status":"closed","template":"","meta":{"_monsterinsights_skip_tracking":false,"_monsterinsights_sitenote_active":false,"_monsterinsights_sitenote_note":"","_monsterinsights_sitenote_category":0,"footnotes":""},"class_list":["post-9410","page","type-page","status-publish","hentry"],"yoast_head":"<!-- This site is optimized with the Yoast SEO plugin v27.5 - https:\/\/yoast.com\/product\/yoast-seo-wordpress\/ -->\n<title>Aviso Legal - Mariscos D\u00edaz<\/title>\n<meta name=\"robots\" content=\"index, follow, max-snippet:-1, max-image-preview:large, max-video-preview:-1\" \/>\n<link rel=\"canonical\" href=\"https:\/\/mariscosdiaz.es\/index.php\/aviso-legal\/\" \/>\n<meta property=\"og:locale\" content=\"es_ES\" \/>\n<meta property=\"og:type\" content=\"article\" \/>\n<meta property=\"og:title\" content=\"Aviso Legal - Mariscos D\u00edaz\" \/>\n<meta property=\"og:description\" content=\"[vc_row][vc_column][vc_column_text]1. DATOS IDENTIFICATIVOS: Cumpliendo con el deber de informaci\u00f3n que se recoge en art\u00edculo 10 de la Ley 34\/2002, de 11 de julio, de Servicios de la Sociedad de la Informaci\u00f3n y del Comercio Electr\u00f3nico, a continuaci\u00f3n se reflejan los siguientes datos: La empresa titular del dominio web es Francisco D\u00edaz V\u00e1zquez, Mariscos D\u00edaz , con domicilio a estos efectos en Calle San Francisco, 35 de Isla Cristina, con C.I.F.: 29471229H e inscrita en el Registro Mercantil de Huelva, Diario 78 , Asiento 562, Tomo 995, Folio 110, Inscripci\u00f3n 1\u00aa , Hoja H-20504-H. Correo electr\u00f3nico de contacto: info@mariscosdiaz.es 2. USUARIOS: El acceso y\/o uso de este portal de www.mariscosdiaz.es atribuye la condici\u00f3n de USUARIO, aceptando, desde dicho acceso y\/o uso, las Condiciones Generales de Uso aqu\u00ed reflejadas. \u00c9stas condiciones ser\u00e1n de aplicaci\u00f3n independientemente de las Condiciones Generales de Contrataci\u00f3n (que en su caso resulten de obligado cumplimiento). 3. USO DEL PORTAL: Indicar dominio proporciona el acceso a contenidos (servicios, informaciones, programas o datos ) en Internet pertenecientes a Francisci D\u00edaz V\u00e1zquez, Mariscos D\u00edaz o a sus licenciantes a los que el USUARIO pueda tener acceso. El USUARIO es responsable del uso del portal. Dicha responsabilidad se extiende al registro necesario&hellip; Leer m\u00e1s\" \/>\n<meta property=\"og:url\" content=\"https:\/\/mariscosdiaz.es\/index.php\/aviso-legal\/\" \/>\n<meta property=\"og:site_name\" content=\"Mariscos D\u00edaz\" \/>\n<meta property=\"article:modified_time\" content=\"2023-02-12T11:25:25+00:00\" \/>\n<meta name=\"twitter:card\" content=\"summary_large_image\" \/>\n<meta name=\"twitter:label1\" content=\"Tiempo de lectura\" \/>\n\t<meta name=\"twitter:data1\" content=\"6 minutos\" \/>\n<script type=\"application\/ld+json\" class=\"yoast-schema-graph\">{\"@context\":\"https:\\\/\\\/schema.org\",\"@graph\":[{\"@type\":\"WebPage\",\"@id\":\"https:\\\/\\\/mariscosdiaz.es\\\/index.php\\\/aviso-legal\\\/\",\"url\":\"https:\\\/\\\/mariscosdiaz.es\\\/index.php\\\/aviso-legal\\\/\",\"name\":\"Aviso Legal - Mariscos D\u00edaz\",\"isPartOf\":{\"@id\":\"https:\\\/\\\/mariscosdiaz.es\\\/#website\"},\"datePublished\":\"2023-02-12T11:25:11+00:00\",\"dateModified\":\"2023-02-12T11:25:25+00:00\",\"breadcrumb\":{\"@id\":\"https:\\\/\\\/mariscosdiaz.es\\\/index.php\\\/aviso-legal\\\/#breadcrumb\"},\"inLanguage\":\"es\",\"potentialAction\":[{\"@type\":\"ReadAction\",\"target\":[\"https:\\\/\\\/mariscosdiaz.es\\\/index.php\\\/aviso-legal\\\/\"]}]},{\"@type\":\"BreadcrumbList\",\"@id\":\"https:\\\/\\\/mariscosdiaz.es\\\/index.php\\\/aviso-legal\\\/#breadcrumb\",\"itemListElement\":[{\"@type\":\"ListItem\",\"position\":1,\"name\":\"Home\",\"item\":\"https:\\\/\\\/mariscosdiaz.es\\\/\"},{\"@type\":\"ListItem\",\"position\":2,\"name\":\"Aviso Legal\"}]},{\"@type\":\"WebSite\",\"@id\":\"https:\\\/\\\/mariscosdiaz.es\\\/#website\",\"url\":\"https:\\\/\\\/mariscosdiaz.es\\\/\",\"name\":\"Mariscos D\u00edaz\",\"description\":\"\",\"publisher\":{\"@id\":\"https:\\\/\\\/mariscosdiaz.es\\\/#organization\"},\"potentialAction\":[{\"@type\":\"SearchAction\",\"target\":{\"@type\":\"EntryPoint\",\"urlTemplate\":\"https:\\\/\\\/mariscosdiaz.es\\\/?s={search_term_string}\"},\"query-input\":{\"@type\":\"PropertyValueSpecification\",\"valueRequired\":true,\"valueName\":\"search_term_string\"}}],\"inLanguage\":\"es\"},{\"@type\":\"Organization\",\"@id\":\"https:\\\/\\\/mariscosdiaz.es\\\/#organization\",\"name\":\"Mariscos D\u00edaz\",\"url\":\"https:\\\/\\\/mariscosdiaz.es\\\/\",\"logo\":{\"@type\":\"ImageObject\",\"inLanguage\":\"es\",\"@id\":\"https:\\\/\\\/mariscosdiaz.es\\\/#\\\/schema\\\/logo\\\/image\\\/\",\"url\":\"https:\\\/\\\/mariscosdiaz.es\\\/wp-content\\\/uploads\\\/2023\\\/01\\\/logo_cabec_name.png\",\"contentUrl\":\"https:\\\/\\\/mariscosdiaz.es\\\/wp-content\\\/uploads\\\/2023\\\/01\\\/logo_cabec_name.png\",\"width\":337,\"height\":90,\"caption\":\"Mariscos D\u00edaz\"},\"image\":{\"@id\":\"https:\\\/\\\/mariscosdiaz.es\\\/#\\\/schema\\\/logo\\\/image\\\/\"}}]}<\/script>\n<!-- \/ Yoast SEO plugin. -->","yoast_head_json":{"title":"Aviso Legal - Mariscos D\u00edaz","robots":{"index":"index","follow":"follow","max-snippet":"max-snippet:-1","max-image-preview":"max-image-preview:large","max-video-preview":"max-video-preview:-1"},"canonical":"https:\/\/mariscosdiaz.es\/index.php\/aviso-legal\/","og_locale":"es_ES","og_type":"article","og_title":"Aviso Legal - Mariscos D\u00edaz","og_description":"[vc_row][vc_column][vc_column_text]1. DATOS IDENTIFICATIVOS: Cumpliendo con el deber de informaci\u00f3n que se recoge en art\u00edculo 10 de la Ley 34\/2002, de 11 de julio, de Servicios de la Sociedad de la Informaci\u00f3n y del Comercio Electr\u00f3nico, a continuaci\u00f3n se reflejan los siguientes datos: La empresa titular del dominio web es Francisco D\u00edaz V\u00e1zquez, Mariscos D\u00edaz , con domicilio a estos efectos en Calle San Francisco, 35 de Isla Cristina, con C.I.F.: 29471229H e inscrita en el Registro Mercantil de Huelva, Diario 78 , Asiento 562, Tomo 995, Folio 110, Inscripci\u00f3n 1\u00aa , Hoja H-20504-H. Correo electr\u00f3nico de contacto: info@mariscosdiaz.es 2. USUARIOS: El acceso y\/o uso de este portal de www.mariscosdiaz.es atribuye la condici\u00f3n de USUARIO, aceptando, desde dicho acceso y\/o uso, las Condiciones Generales de Uso aqu\u00ed reflejadas. \u00c9stas condiciones ser\u00e1n de aplicaci\u00f3n independientemente de las Condiciones Generales de Contrataci\u00f3n (que en su caso resulten de obligado cumplimiento). 3. USO DEL PORTAL: Indicar dominio proporciona el acceso a contenidos (servicios, informaciones, programas o datos ) en Internet pertenecientes a Francisci D\u00edaz V\u00e1zquez, Mariscos D\u00edaz o a sus licenciantes a los que el USUARIO pueda tener acceso. El USUARIO es responsable del uso del portal. Dicha responsabilidad se extiende al registro necesario&hellip; Leer m\u00e1s","og_url":"https:\/\/mariscosdiaz.es\/index.php\/aviso-legal\/","og_site_name":"Mariscos D\u00edaz","article_modified_time":"2023-02-12T11:25:25+00:00","twitter_card":"summary_large_image","twitter_misc":{"Tiempo de lectura":"6 minutos"},"schema":{"@context":"https:\/\/schema.org","@graph":[{"@type":"WebPage","@id":"https:\/\/mariscosdiaz.es\/index.php\/aviso-legal\/","url":"https:\/\/mariscosdiaz.es\/index.php\/aviso-legal\/","name":"Aviso Legal - Mariscos D\u00edaz","isPartOf":{"@id":"https:\/\/mariscosdiaz.es\/#website"},"datePublished":"2023-02-12T11:25:11+00:00","dateModified":"2023-02-12T11:25:25+00:00","breadcrumb":{"@id":"https:\/\/mariscosdiaz.es\/index.php\/aviso-legal\/#breadcrumb"},"inLanguage":"es","potentialAction":[{"@type":"ReadAction","target":["https:\/\/mariscosdiaz.es\/index.php\/aviso-legal\/"]}]},{"@type":"BreadcrumbList","@id":"https:\/\/mariscosdiaz.es\/index.php\/aviso-legal\/#breadcrumb","itemListElement":[{"@type":"ListItem","position":1,"name":"Home","item":"https:\/\/mariscosdiaz.es\/"},{"@type":"ListItem","position":2,"name":"Aviso Legal"}]},{"@type":"WebSite","@id":"https:\/\/mariscosdiaz.es\/#website","url":"https:\/\/mariscosdiaz.es\/","name":"Mariscos D\u00edaz","description":"","publisher":{"@id":"https:\/\/mariscosdiaz.es\/#organization"},"potentialAction":[{"@type":"SearchAction","target":{"@type":"EntryPoint","urlTemplate":"https:\/\/mariscosdiaz.es\/?s={search_term_string}"},"query-input":{"@type":"PropertyValueSpecification","valueRequired":true,"valueName":"search_term_string"}}],"inLanguage":"es"},{"@type":"Organization","@id":"https:\/\/mariscosdiaz.es\/#organization","name":"Mariscos D\u00edaz","url":"https:\/\/mariscosdiaz.es\/","logo":{"@type":"ImageObject","inLanguage":"es","@id":"https:\/\/mariscosdiaz.es\/#\/schema\/logo\/image\/","url":"https:\/\/mariscosdiaz.es\/wp-content\/uploads\/2023\/01\/logo_cabec_name.png","contentUrl":"https:\/\/mariscosdiaz.es\/wp-content\/uploads\/2023\/01\/logo_cabec_name.png","width":337,"height":90,"caption":"Mariscos D\u00edaz"},"image":{"@id":"https:\/\/mariscosdiaz.es\/#\/schema\/logo\/image\/"}}]}},"jetpack_sharing_enabled":true,"_links":{"self":[{"href":"https:\/\/mariscosdiaz.es\/index.php\/wp-json\/wp\/v2\/pages\/9410","targetHints":{"allow":["GET"]}}],"collection":[{"href":"https:\/\/mariscosdiaz.es\/index.php\/wp-json\/wp\/v2\/pages"}],"about":[{"href":"https:\/\/mariscosdiaz.es\/index.php\/wp-json\/wp\/v2\/types\/page"}],"author":[{"embeddable":true,"href":"https:\/\/mariscosdiaz.es\/index.php\/wp-json\/wp\/v2\/users\/2"}],"replies":[{"embeddable":true,"href":"https:\/\/mariscosdiaz.es\/index.php\/wp-json\/wp\/v2\/comments?post=9410"}],"version-history":[{"count":1,"href":"https:\/\/mariscosdiaz.es\/index.php\/wp-json\/wp\/v2\/pages\/9410\/revisions"}],"predecessor-version":[{"id":9411,"href":"https:\/\/mariscosdiaz.es\/index.php\/wp-json\/wp\/v2\/pages\/9410\/revisions\/9411"}],"wp:attachment":[{"href":"https:\/\/mariscosdiaz.es\/index.php\/wp-json\/wp\/v2\/media?parent=9410"}],"curies":[{"name":"wp","href":"https:\/\/api.w.org\/{rel}","templated":true}]}}