{"id":8134,"date":"2018-08-27T12:17:42","date_gmt":"2018-08-27T12:17:42","guid":{"rendered":"http:\/\/192.168.0.150\/user5\/WORDPRESS\/demo\/WCM010005\/?page_id=8134"},"modified":"2023-02-12T10:54:29","modified_gmt":"2023-02-12T10:54:29","slug":"privacy-policy-2","status":"publish","type":"page","link":"https:\/\/mariscosdiaz.es\/index.php\/privacy-policy-2\/","title":{"rendered":"Pol\u00edtica de Privacidad"},"content":{"rendered":"<p><strong>Mariscos D\u00edaz<\/strong> cumple con las disposiciones de la Ley Org\u00e1nica 15\/99 de Protecci\u00f3n de Datos de Car\u00e1cter Personal y el Real Decreto 1720\/2007 de 21 de diciembre por el que se aprueba el Reglamento de desarrollo de la Ley Org\u00e1nica y dem\u00e1s normativa vigente en cada momento. Para la eficaz gesti\u00f3n de tus pedidos y con el fin de facilitarte informaci\u00f3n sobre los productos y servicios que comercializa esta empresa y sobre las mejoras de este sitio Web, te informamos de que los datos personales que nos facilites ser\u00e1n tratados de forma confidencial e incorporados a ficheros automatizados titularidad de <strong>Francisco D\u00edaz V\u00e1zquez, Mariscos D\u00edaz<\/strong>.<\/p>\n<p>Los datos de este fichero de datos propiedad de <strong>Francisco D\u00edaz V\u00e1zquez, Mariscos<\/strong> D\u00edaz s\u00f3lo ser\u00e1n recogidos, tratados y utilizados para fines l\u00edcitos y leg\u00edtimos, asumiendo las medidas necesarias para evitar su alteraci\u00f3n, p\u00e9rdida, tratamiento o acceso no autorizado, tal y como se recoge en la Ley Org\u00e1nica 15\/1999, de 13 de diciembre, de Protecci\u00f3n de Datos de Car\u00e1cter Personal, y en el Real Decreto 994\/1999, de 11 de junio por el que se aprueba el Reglamento de medidas de seguridad de los ficheros automatizados que contengan datos de car\u00e1cter personal.<\/p>\n<p>Cumpliendo con la normativa y para garantizar un correcto uso y tratamiento de los datos personales del usuario, junto a cada formulario de recabo de datos de car\u00e1cter personal, en los servicios que el usuario pueda solicitar a <strong>Francisco D\u00edaz V\u00e1zquez, Mariscos D\u00edaz<\/strong> se har\u00e1 saber al usuario de la existencia y aceptaci\u00f3n de las condiciones particulares del tratamiento de sus datos en cada caso, inform\u00e1ndole de la responsabilidad del fichero creado, la direcci\u00f3n del responsable, la posibilidad de ejercer sus derechos de acceso, rectificaci\u00f3n, cancelaci\u00f3n u oposici\u00f3n, la finalidad del tratamiento y las comunicaciones de datos a terceros en su caso.<\/p>\n<p>El usuario acepta que puedan ser cedidos sus datos, exclusivamente para las finalidades descritas con anterioridad. Asimismo <strong>Francisco D\u00edaz V\u00e1zquez, Mariscos D\u00edaz<\/strong> informa que da cumplimiento a la Ley 34\/2002 de 11 de julio, de Servicios de la Sociedad de la Informaci\u00f3n y el Comercio Electr\u00f3nico y le solicitar\u00e1 su consentimiento al tratamiento de su correo electr\u00f3nico con fines comerciales en cada momento.<\/p>\n<p>La utilizaci\u00f3n de este sitio web mariscosdiaz.es y de cualquiera de los servicios que se incorporan en \u00e9l, supone la plena aceptaci\u00f3n de las condiciones que se manifiestan en la Pol\u00edtica de Privacidad.<\/p>\n<p>Sobre los datos personales proporcionados, podr\u00e1 ejercitar los derechos de acceso, rectificaci\u00f3n, oposici\u00f3n y cancelaci\u00f3n enviando un correo electr\u00f3nico a <a href=\"mailto:info@mariscosdiaz.es\" target=\"_blank\" rel=\"noopener\"><strong>info@mariscosdiaz.es<\/strong><\/a> o usando nuestro formulario , indicando \u201cBaja\u201d en el asunto.<\/p>\n<p>Los datos identificativos y de contacto del responsable del tratamiento de datos son los siguientes: <strong>Francisco D\u00edaz V\u00e1zquez, Mariscos D\u00edaz \u2013 29471229H \u2013 C\/ San Francisco 35 \u2013 21410- Isla Cristina (Huelva) \u2013 M\u00f3vil: 654 421 507 \u2013 <a href=\"mailto:info@mariscosdiaz.es\" target=\"_blank\" rel=\"noopener\">info@mariscosdiaz.es<\/a><\/strong><\/p>\n<p><strong>Francisco D\u00edaz V\u00e1zquez, Mariscos D\u00edaz<\/strong> no se responsabiliza del mal uso de los contenidos y se reserva el derecho a actualizarlos cuando quiera, eliminarlos, limitarlos o impedir el acceso a ellos, de manera temporal o definitiva. <strong>Francisco D\u00edaz V\u00e1zquez, Mariscos D\u00edaz<\/strong> no se responsabiliza tampoco del uso indebido de los productos publicitados en los diferentes apartados de la web.<\/p>\n<p>El usuario ser\u00e1 el \u00fanico responsable de cualquier da\u00f1o o perjuicio, directo o indirecto, que ocasione a <strong>Francisco D\u00edaz V\u00e1zquez, Mariscos D\u00edaz<\/strong> o a cualquier tercero, a causa de rellenar los formularios con datos falsos, inexactos, incompletos o no actualizados o con datos de terceros.<\/p>\n<p>La reproducci\u00f3n, copia, uso, distribuci\u00f3n, comercializaci\u00f3n, comunicaci\u00f3n p\u00fablica o cualquier otra actividad que se pueda hacer con cualquier contenido del sitio web, puede ser sancionado por la ley vigente.<\/p>\n<p>\u00daltima actualizaci\u00f3n: 29 de Noviembre del 2022<\/p>\n","protected":false},"excerpt":{"rendered":"<p>Mariscos D\u00edaz cumple con las disposiciones de la Ley Org\u00e1nica 15\/99 de Protecci\u00f3n de Datos de Car\u00e1cter Personal y el Real Decreto 1720\/2007 de 21 de diciembre por el que se aprueba el Reglamento de desarrollo de la Ley Org\u00e1nica y dem\u00e1s normativa vigente en cada momento. Para la eficaz gesti\u00f3n de tus pedidos y con el fin de facilitarte informaci\u00f3n sobre los productos y servicios que comercializa esta empresa y sobre las mejoras de este sitio Web, te informamos de que los datos personales que nos facilites ser\u00e1n tratados de forma confidencial e incorporados a ficheros automatizados titularidad de Francisco D\u00edaz V\u00e1zquez, Mariscos D\u00edaz. Los datos de este fichero de datos propiedad de Francisco D\u00edaz V\u00e1zquez, Mariscos D\u00edaz s\u00f3lo ser\u00e1n recogidos, tratados y utilizados para fines l\u00edcitos y leg\u00edtimos, asumiendo las medidas necesarias para evitar su alteraci\u00f3n, p\u00e9rdida, tratamiento o acceso no autorizado, tal y como se recoge en la Ley Org\u00e1nica 15\/1999, de 13 de diciembre, de Protecci\u00f3n de Datos de Car\u00e1cter Personal, y en el Real Decreto 994\/1999, de 11 de junio por el que se aprueba el Reglamento de medidas de seguridad de los ficheros automatizados que contengan datos de car\u00e1cter personal. Cumpliendo con la normativa&hellip; <a class=\"read-more-link\" href=\"https:\/\/mariscosdiaz.es\/index.php\/privacy-policy-2\/\">Leer m\u00e1s<\/a><\/p>\n","protected":false},"author":2,"featured_media":0,"parent":0,"menu_order":0,"comment_status":"closed","ping_status":"closed","template":"","meta":{"_monsterinsights_skip_tracking":false,"_monsterinsights_sitenote_active":false,"_monsterinsights_sitenote_note":"","_monsterinsights_sitenote_category":0,"footnotes":""},"class_list":["post-8134","page","type-page","status-publish","hentry"],"yoast_head":"<!-- This site is optimized with the Yoast SEO plugin v27.5 - https:\/\/yoast.com\/product\/yoast-seo-wordpress\/ -->\n<title>Pol\u00edtica de Privacidad - Mariscos D\u00edaz<\/title>\n<meta name=\"robots\" content=\"index, follow, max-snippet:-1, max-image-preview:large, max-video-preview:-1\" \/>\n<link rel=\"canonical\" href=\"https:\/\/mariscosdiaz.es\/index.php\/privacy-policy-2\/\" \/>\n<meta property=\"og:locale\" content=\"es_ES\" \/>\n<meta property=\"og:type\" content=\"article\" \/>\n<meta property=\"og:title\" content=\"Pol\u00edtica de Privacidad - Mariscos D\u00edaz\" \/>\n<meta property=\"og:description\" content=\"Mariscos D\u00edaz cumple con las disposiciones de la Ley Org\u00e1nica 15\/99 de Protecci\u00f3n de Datos de Car\u00e1cter Personal y el Real Decreto 1720\/2007 de 21 de diciembre por el que se aprueba el Reglamento de desarrollo de la Ley Org\u00e1nica y dem\u00e1s normativa vigente en cada momento. Para la eficaz gesti\u00f3n de tus pedidos y con el fin de facilitarte informaci\u00f3n sobre los productos y servicios que comercializa esta empresa y sobre las mejoras de este sitio Web, te informamos de que los datos personales que nos facilites ser\u00e1n tratados de forma confidencial e incorporados a ficheros automatizados titularidad de Francisco D\u00edaz V\u00e1zquez, Mariscos D\u00edaz. Los datos de este fichero de datos propiedad de Francisco D\u00edaz V\u00e1zquez, Mariscos D\u00edaz s\u00f3lo ser\u00e1n recogidos, tratados y utilizados para fines l\u00edcitos y leg\u00edtimos, asumiendo las medidas necesarias para evitar su alteraci\u00f3n, p\u00e9rdida, tratamiento o acceso no autorizado, tal y como se recoge en la Ley Org\u00e1nica 15\/1999, de 13 de diciembre, de Protecci\u00f3n de Datos de Car\u00e1cter Personal, y en el Real Decreto 994\/1999, de 11 de junio por el que se aprueba el Reglamento de medidas de seguridad de los ficheros automatizados que contengan datos de car\u00e1cter personal. Cumpliendo con la normativa&hellip; Leer m\u00e1s\" \/>\n<meta property=\"og:url\" content=\"https:\/\/mariscosdiaz.es\/index.php\/privacy-policy-2\/\" \/>\n<meta property=\"og:site_name\" content=\"Mariscos D\u00edaz\" \/>\n<meta property=\"article:modified_time\" content=\"2023-02-12T10:54:29+00:00\" \/>\n<meta name=\"twitter:card\" content=\"summary_large_image\" \/>\n<meta name=\"twitter:label1\" content=\"Tiempo de lectura\" \/>\n\t<meta name=\"twitter:data1\" content=\"3 minutos\" \/>\n<script type=\"application\/ld+json\" class=\"yoast-schema-graph\">{\"@context\":\"https:\\\/\\\/schema.org\",\"@graph\":[{\"@type\":\"WebPage\",\"@id\":\"https:\\\/\\\/mariscosdiaz.es\\\/index.php\\\/privacy-policy-2\\\/\",\"url\":\"https:\\\/\\\/mariscosdiaz.es\\\/index.php\\\/privacy-policy-2\\\/\",\"name\":\"Pol\u00edtica de Privacidad - Mariscos D\u00edaz\",\"isPartOf\":{\"@id\":\"https:\\\/\\\/mariscosdiaz.es\\\/#website\"},\"datePublished\":\"2018-08-27T12:17:42+00:00\",\"dateModified\":\"2023-02-12T10:54:29+00:00\",\"breadcrumb\":{\"@id\":\"https:\\\/\\\/mariscosdiaz.es\\\/index.php\\\/privacy-policy-2\\\/#breadcrumb\"},\"inLanguage\":\"es\",\"potentialAction\":[{\"@type\":\"ReadAction\",\"target\":[\"https:\\\/\\\/mariscosdiaz.es\\\/index.php\\\/privacy-policy-2\\\/\"]}]},{\"@type\":\"BreadcrumbList\",\"@id\":\"https:\\\/\\\/mariscosdiaz.es\\\/index.php\\\/privacy-policy-2\\\/#breadcrumb\",\"itemListElement\":[{\"@type\":\"ListItem\",\"position\":1,\"name\":\"Home\",\"item\":\"https:\\\/\\\/mariscosdiaz.es\\\/\"},{\"@type\":\"ListItem\",\"position\":2,\"name\":\"Pol\u00edtica de Privacidad\"}]},{\"@type\":\"WebSite\",\"@id\":\"https:\\\/\\\/mariscosdiaz.es\\\/#website\",\"url\":\"https:\\\/\\\/mariscosdiaz.es\\\/\",\"name\":\"Mariscos D\u00edaz\",\"description\":\"\",\"publisher\":{\"@id\":\"https:\\\/\\\/mariscosdiaz.es\\\/#organization\"},\"potentialAction\":[{\"@type\":\"SearchAction\",\"target\":{\"@type\":\"EntryPoint\",\"urlTemplate\":\"https:\\\/\\\/mariscosdiaz.es\\\/?s={search_term_string}\"},\"query-input\":{\"@type\":\"PropertyValueSpecification\",\"valueRequired\":true,\"valueName\":\"search_term_string\"}}],\"inLanguage\":\"es\"},{\"@type\":\"Organization\",\"@id\":\"https:\\\/\\\/mariscosdiaz.es\\\/#organization\",\"name\":\"Mariscos D\u00edaz\",\"url\":\"https:\\\/\\\/mariscosdiaz.es\\\/\",\"logo\":{\"@type\":\"ImageObject\",\"inLanguage\":\"es\",\"@id\":\"https:\\\/\\\/mariscosdiaz.es\\\/#\\\/schema\\\/logo\\\/image\\\/\",\"url\":\"https:\\\/\\\/mariscosdiaz.es\\\/wp-content\\\/uploads\\\/2023\\\/01\\\/logo_cabec_name.png\",\"contentUrl\":\"https:\\\/\\\/mariscosdiaz.es\\\/wp-content\\\/uploads\\\/2023\\\/01\\\/logo_cabec_name.png\",\"width\":337,\"height\":90,\"caption\":\"Mariscos D\u00edaz\"},\"image\":{\"@id\":\"https:\\\/\\\/mariscosdiaz.es\\\/#\\\/schema\\\/logo\\\/image\\\/\"}}]}<\/script>\n<!-- \/ Yoast SEO plugin. -->","yoast_head_json":{"title":"Pol\u00edtica de Privacidad - Mariscos D\u00edaz","robots":{"index":"index","follow":"follow","max-snippet":"max-snippet:-1","max-image-preview":"max-image-preview:large","max-video-preview":"max-video-preview:-1"},"canonical":"https:\/\/mariscosdiaz.es\/index.php\/privacy-policy-2\/","og_locale":"es_ES","og_type":"article","og_title":"Pol\u00edtica de Privacidad - Mariscos D\u00edaz","og_description":"Mariscos D\u00edaz cumple con las disposiciones de la Ley Org\u00e1nica 15\/99 de Protecci\u00f3n de Datos de Car\u00e1cter Personal y el Real Decreto 1720\/2007 de 21 de diciembre por el que se aprueba el Reglamento de desarrollo de la Ley Org\u00e1nica y dem\u00e1s normativa vigente en cada momento. Para la eficaz gesti\u00f3n de tus pedidos y con el fin de facilitarte informaci\u00f3n sobre los productos y servicios que comercializa esta empresa y sobre las mejoras de este sitio Web, te informamos de que los datos personales que nos facilites ser\u00e1n tratados de forma confidencial e incorporados a ficheros automatizados titularidad de Francisco D\u00edaz V\u00e1zquez, Mariscos D\u00edaz. Los datos de este fichero de datos propiedad de Francisco D\u00edaz V\u00e1zquez, Mariscos D\u00edaz s\u00f3lo ser\u00e1n recogidos, tratados y utilizados para fines l\u00edcitos y leg\u00edtimos, asumiendo las medidas necesarias para evitar su alteraci\u00f3n, p\u00e9rdida, tratamiento o acceso no autorizado, tal y como se recoge en la Ley Org\u00e1nica 15\/1999, de 13 de diciembre, de Protecci\u00f3n de Datos de Car\u00e1cter Personal, y en el Real Decreto 994\/1999, de 11 de junio por el que se aprueba el Reglamento de medidas de seguridad de los ficheros automatizados que contengan datos de car\u00e1cter personal. Cumpliendo con la normativa&hellip; Leer m\u00e1s","og_url":"https:\/\/mariscosdiaz.es\/index.php\/privacy-policy-2\/","og_site_name":"Mariscos D\u00edaz","article_modified_time":"2023-02-12T10:54:29+00:00","twitter_card":"summary_large_image","twitter_misc":{"Tiempo de lectura":"3 minutos"},"schema":{"@context":"https:\/\/schema.org","@graph":[{"@type":"WebPage","@id":"https:\/\/mariscosdiaz.es\/index.php\/privacy-policy-2\/","url":"https:\/\/mariscosdiaz.es\/index.php\/privacy-policy-2\/","name":"Pol\u00edtica de Privacidad - Mariscos D\u00edaz","isPartOf":{"@id":"https:\/\/mariscosdiaz.es\/#website"},"datePublished":"2018-08-27T12:17:42+00:00","dateModified":"2023-02-12T10:54:29+00:00","breadcrumb":{"@id":"https:\/\/mariscosdiaz.es\/index.php\/privacy-policy-2\/#breadcrumb"},"inLanguage":"es","potentialAction":[{"@type":"ReadAction","target":["https:\/\/mariscosdiaz.es\/index.php\/privacy-policy-2\/"]}]},{"@type":"BreadcrumbList","@id":"https:\/\/mariscosdiaz.es\/index.php\/privacy-policy-2\/#breadcrumb","itemListElement":[{"@type":"ListItem","position":1,"name":"Home","item":"https:\/\/mariscosdiaz.es\/"},{"@type":"ListItem","position":2,"name":"Pol\u00edtica de Privacidad"}]},{"@type":"WebSite","@id":"https:\/\/mariscosdiaz.es\/#website","url":"https:\/\/mariscosdiaz.es\/","name":"Mariscos D\u00edaz","description":"","publisher":{"@id":"https:\/\/mariscosdiaz.es\/#organization"},"potentialAction":[{"@type":"SearchAction","target":{"@type":"EntryPoint","urlTemplate":"https:\/\/mariscosdiaz.es\/?s={search_term_string}"},"query-input":{"@type":"PropertyValueSpecification","valueRequired":true,"valueName":"search_term_string"}}],"inLanguage":"es"},{"@type":"Organization","@id":"https:\/\/mariscosdiaz.es\/#organization","name":"Mariscos D\u00edaz","url":"https:\/\/mariscosdiaz.es\/","logo":{"@type":"ImageObject","inLanguage":"es","@id":"https:\/\/mariscosdiaz.es\/#\/schema\/logo\/image\/","url":"https:\/\/mariscosdiaz.es\/wp-content\/uploads\/2023\/01\/logo_cabec_name.png","contentUrl":"https:\/\/mariscosdiaz.es\/wp-content\/uploads\/2023\/01\/logo_cabec_name.png","width":337,"height":90,"caption":"Mariscos D\u00edaz"},"image":{"@id":"https:\/\/mariscosdiaz.es\/#\/schema\/logo\/image\/"}}]}},"jetpack_sharing_enabled":true,"_links":{"self":[{"href":"https:\/\/mariscosdiaz.es\/index.php\/wp-json\/wp\/v2\/pages\/8134","targetHints":{"allow":["GET"]}}],"collection":[{"href":"https:\/\/mariscosdiaz.es\/index.php\/wp-json\/wp\/v2\/pages"}],"about":[{"href":"https:\/\/mariscosdiaz.es\/index.php\/wp-json\/wp\/v2\/types\/page"}],"author":[{"embeddable":true,"href":"https:\/\/mariscosdiaz.es\/index.php\/wp-json\/wp\/v2\/users\/2"}],"replies":[{"embeddable":true,"href":"https:\/\/mariscosdiaz.es\/index.php\/wp-json\/wp\/v2\/comments?post=8134"}],"version-history":[{"count":2,"href":"https:\/\/mariscosdiaz.es\/index.php\/wp-json\/wp\/v2\/pages\/8134\/revisions"}],"predecessor-version":[{"id":9405,"href":"https:\/\/mariscosdiaz.es\/index.php\/wp-json\/wp\/v2\/pages\/8134\/revisions\/9405"}],"wp:attachment":[{"href":"https:\/\/mariscosdiaz.es\/index.php\/wp-json\/wp\/v2\/media?parent=8134"}],"curies":[{"name":"wp","href":"https:\/\/api.w.org\/{rel}","templated":true}]}}